{"id":1073,"date":"2025-03-25T17:27:39","date_gmt":"2025-03-25T20:27:39","guid":{"rendered":"https:\/\/pe.anamt.org.br\/?page_id=1073"},"modified":"2025-04-09T10:08:12","modified_gmt":"2025-04-09T13:08:12","slug":"diario-oficial-sopemt","status":"publish","type":"page","link":"https:\/\/pe.anamt.org.br\/?page_id=1073","title":{"rendered":"Di\u00e1rio Oficial SOPEMT"},"content":{"rendered":"<style>.elementor-1073 .elementor-element.elementor-element-81d8501{--display:flex;--flex-direction:row;--container-widget-width:initial;--container-widget-height:100%;--container-widget-flex-grow:1;--container-widget-align-self:stretch;--flex-wrap-mobile:wrap;--gap:0px 0px;--row-gap:0px;--column-gap:0px;--margin-top:140px;--margin-bottom:0px;--margin-left:0px;--margin-right:0px;--padding-top:2em;--padding-bottom:2em;--padding-left:0em;--padding-right:0em;--z-index:3;}.elementor-1073 .elementor-element.elementor-element-81d8501:not(.elementor-motion-effects-element-type-background), .elementor-1073 .elementor-element.elementor-element-81d8501 > .elementor-motion-effects-container > .elementor-motion-effects-layer{background-color:var( --e-global-color-495d27d );}.elementor-1073 .elementor-element.elementor-element-1eff2ea0{--display:flex;--margin-top:0px;--margin-bottom:0px;--margin-left:0px;--margin-right:0px;--padding-top:0px;--padding-bottom:0px;--padding-left:00px;--padding-right:0px;}.elementor-1073 .elementor-element.elementor-element-1eff2ea0.e-con{--flex-grow:0;--flex-shrink:0;}.elementor-1073 .elementor-element.elementor-element-a831067{text-align:left;}.elementor-1073 .elementor-element.elementor-element-a831067 .elementor-heading-title{font-family:\"Archivo\", Sans-serif;font-size:43px;font-weight:500;text-transform:none;line-height:1.2em;letter-spacing:0.2px;-webkit-text-stroke-width:1px;stroke-width:1px;-webkit-text-stroke-color:#000;stroke:#000;color:var( --e-global-color-primary );}.elementor-1073 .elementor-element.elementor-element-5d744d3e{text-align:justify;font-family:var( --e-global-typography-text-font-family ), Sans-serif;font-size:var( --e-global-typography-text-font-size );font-weight:var( --e-global-typography-text-font-weight );text-transform:var( --e-global-typography-text-text-transform );line-height:var( --e-global-typography-text-line-height );letter-spacing:var( --e-global-typography-text-letter-spacing );color:var( --e-global-color-text );}.elementor-1073 .elementor-element.elementor-element-8a4230d{--display:flex;}.elementor-1073 .elementor-element.elementor-element-3ebc5e3 .elementor-icon-list-items:not(.elementor-inline-items) .elementor-icon-list-item:not(:last-child){padding-block-end:calc(32px\/2);}.elementor-1073 .elementor-element.elementor-element-3ebc5e3 .elementor-icon-list-items:not(.elementor-inline-items) .elementor-icon-list-item:not(:first-child){margin-block-start:calc(32px\/2);}.elementor-1073 .elementor-element.elementor-element-3ebc5e3 .elementor-icon-list-items.elementor-inline-items .elementor-icon-list-item{margin-inline:calc(32px\/2);}.elementor-1073 .elementor-element.elementor-element-3ebc5e3 .elementor-icon-list-items.elementor-inline-items{margin-inline:calc(-32px\/2);}.elementor-1073 .elementor-element.elementor-element-3ebc5e3 .elementor-icon-list-items.elementor-inline-items .elementor-icon-list-item:after{inset-inline-end:calc(-32px\/2);}.elementor-1073 .elementor-element.elementor-element-3ebc5e3 .elementor-icon-list-icon i{color:#34ACAC;transition:color 0.3s;}.elementor-1073 .elementor-element.elementor-element-3ebc5e3 .elementor-icon-list-icon svg{fill:#34ACAC;transition:fill 0.3s;}.elementor-1073 .elementor-element.elementor-element-3ebc5e3{--e-icon-list-icon-size:68px;--icon-vertical-offset:0px;}.elementor-1073 .elementor-element.elementor-element-3ebc5e3 .elementor-icon-list-item > .elementor-icon-list-text, .elementor-1073 .elementor-element.elementor-element-3ebc5e3 .elementor-icon-list-item > a{font-size:22px;}.elementor-1073 .elementor-element.elementor-element-3ebc5e3 .elementor-icon-list-text{color:#34ACAC;transition:color 0.3s;}@media(max-width:1366px) and (min-width:768px){.elementor-1073 .elementor-element.elementor-element-1eff2ea0{--content-width:100%;}}@media(max-width:1366px){.elementor-1073 .elementor-element.elementor-element-81d8501{--margin-top:140px;--margin-bottom:0px;--margin-left:0px;--margin-right:0px;--padding-top:5em;--padding-bottom:2em;--padding-left:0em;--padding-right:0em;}.elementor-1073 .elementor-element.elementor-element-1eff2ea0{--margin-top:0px;--margin-bottom:0px;--margin-left:0px;--margin-right:0px;--padding-top:0px;--padding-bottom:0px;--padding-left:0px;--padding-right:0px;}.elementor-1073 .elementor-element.elementor-element-a831067 .elementor-heading-title{font-size:40px;}.elementor-1073 .elementor-element.elementor-element-5d744d3e{font-size:var( --e-global-typography-text-font-size );line-height:var( --e-global-typography-text-line-height );letter-spacing:var( --e-global-typography-text-letter-spacing );}}@media(max-width:1024px){.elementor-1073 .elementor-element.elementor-element-81d8501{--flex-direction:row;--container-widget-width:initial;--container-widget-height:100%;--container-widget-flex-grow:1;--container-widget-align-self:stretch;--flex-wrap-mobile:wrap;}.elementor-1073 .elementor-element.elementor-element-a831067 .elementor-heading-title{font-size:37px;}.elementor-1073 .elementor-element.elementor-element-5d744d3e{font-size:var( --e-global-typography-text-font-size );line-height:var( --e-global-typography-text-line-height );letter-spacing:var( --e-global-typography-text-letter-spacing );}}@media(max-width:767px){.elementor-1073 .elementor-element.elementor-element-81d8501{--content-width:90%;--padding-top:3em;--padding-bottom:2em;--padding-left:0em;--padding-right:0em;}.elementor-1073 .elementor-element.elementor-element-a831067 .elementor-heading-title{font-size:35px;}.elementor-1073 .elementor-element.elementor-element-5d744d3e{font-size:var( --e-global-typography-text-font-size );line-height:var( --e-global-typography-text-line-height );letter-spacing:var( --e-global-typography-text-letter-spacing );}.elementor-1073 .elementor-element.elementor-element-8a4230d{--width:50%;}}@media(min-width:768px){.elementor-1073 .elementor-element.elementor-element-1eff2ea0{--content-width:100%;}}@media(max-width:1024px) and (min-width:768px){.elementor-1073 .elementor-element.elementor-element-81d8501{--content-width:90%;}}<\/style>\t\t<div data-elementor-type=\"wp-page\" data-elementor-id=\"1073\" class=\"elementor elementor-1073\">\n\t\t\t\t<div class=\"elementor-element elementor-element-81d8501 e-flex e-con-boxed e-con e-parent\" data-id=\"81d8501\" data-element_type=\"container\" data-settings=\"{&quot;background_background&quot;:&quot;classic&quot;}\">\n\t\t\t\t\t<div class=\"e-con-inner\">\n\t\t<div class=\"elementor-element elementor-element-1eff2ea0 e-flex e-con-boxed e-con e-child\" data-id=\"1eff2ea0\" data-element_type=\"container\">\n\t\t\t\t\t<div class=\"e-con-inner\">\n\t\t\t\t<div class=\"elementor-element elementor-element-a831067 elementor-widget elementor-widget-heading\" data-id=\"a831067\" data-element_type=\"widget\" data-widget_type=\"heading.default\">\n\t\t\t\t<div class=\"elementor-widget-container\">\n\t\t\t\t\t<h2 class=\"elementor-heading-title elementor-size-default\">Di\u00e1rio Oficial SOPEMT<\/h2>\t\t\t\t<\/div>\n\t\t\t\t<\/div>\n\t\t\t\t<div class=\"elementor-element elementor-element-5d744d3e elementor-widget elementor-widget-text-editor\" data-id=\"5d744d3e\" data-element_type=\"widget\" data-widget_type=\"text-editor.default\">\n\t\t\t\t<div class=\"elementor-widget-container\">\n\t\t\t\t\t\t\t\t\t<p>Atualiza\u00e7\u00f5es e informativos de documentos oficiais da Sociedade Pernambucana de Medicina do Trabalho \u2013 SOPEMT<\/p>\t\t\t\t\t\t\t\t<\/div>\n\t\t\t\t<\/div>\n\t\t<div class=\"elementor-element elementor-element-8a4230d e-con-full animated-fast e-flex elementor-invisible e-con e-child\" data-id=\"8a4230d\" data-element_type=\"container\" data-settings=\"{&quot;animation&quot;:&quot;fadeIn&quot;,&quot;animation_delay&quot;:300}\">\n\t\t\t\t<div class=\"elementor-element elementor-element-3ebc5e3 elementor-icon-list--layout-traditional elementor-list-item-link-full_width elementor-widget elementor-widget-icon-list\" data-id=\"3ebc5e3\" data-element_type=\"widget\" data-widget_type=\"icon-list.default\">\n\t\t\t\t<div class=\"elementor-widget-container\">\n\t\t\t\t\t\t\t<ul class=\"elementor-icon-list-items\">\n\t\t\t\t\t\t\t<li class=\"elementor-icon-list-item\">\n\t\t\t\t\t\t\t\t\t\t\t<a href=\"https:\/\/pe.anamt.org.br\/wp-content\/uploads\/2025\/04\/PORTARIA-2025-02-NOMEACAO-COORDENADOR-AGRESTE-.pdf\" target=\"_blank\">\n\n\t\t\t\t\t\t\t\t\t\t\t\t<span class=\"elementor-icon-list-icon\">\n\t\t\t\t\t\t\t<svg aria-hidden=\"true\" class=\"e-font-icon-svg e-far-file-alt\" viewBox=\"0 0 384 512\" xmlns=\"http:\/\/www.w3.org\/2000\/svg\"><path d=\"M288 248v28c0 6.6-5.4 12-12 12H108c-6.6 0-12-5.4-12-12v-28c0-6.6 5.4-12 12-12h168c6.6 0 12 5.4 12 12zm-12 72H108c-6.6 0-12 5.4-12 12v28c0 6.6 5.4 12 12 12h168c6.6 0 12-5.4 12-12v-28c0-6.6-5.4-12-12-12zm108-188.1V464c0 26.5-21.5 48-48 48H48c-26.5 0-48-21.5-48-48V48C0 21.5 21.5 0 48 0h204.1C264.8 0 277 5.1 286 14.1L369.9 98c9 8.9 14.1 21.2 14.1 33.9zm-128-80V128h76.1L256 51.9zM336 464V176H232c-13.3 0-24-10.7-24-24V48H48v416h288z\"><\/path><\/svg>\t\t\t\t\t\t<\/span>\n\t\t\t\t\t\t\t\t\t\t<span class=\"elementor-icon-list-text\">PORTARIA N\u00ba2015\/02 \u226b<\/span>\n\t\t\t\t\t\t\t\t\t\t\t<\/a>\n\t\t\t\t\t\t\t\t\t<\/li>\n\t\t\t\t\t\t\t\t<li class=\"elementor-icon-list-item\">\n\t\t\t\t\t\t\t\t\t\t\t<a href=\"https:\/\/pe.anamt.org.br\/wp-content\/uploads\/2025\/04\/NORMATIVA-2025-01-CARIMBO-SOPEMT.pdf\" target=\"_blank\">\n\n\t\t\t\t\t\t\t\t\t\t\t\t<span class=\"elementor-icon-list-icon\">\n\t\t\t\t\t\t\t<svg aria-hidden=\"true\" class=\"e-font-icon-svg e-far-file-alt\" viewBox=\"0 0 384 512\" xmlns=\"http:\/\/www.w3.org\/2000\/svg\"><path d=\"M288 248v28c0 6.6-5.4 12-12 12H108c-6.6 0-12-5.4-12-12v-28c0-6.6 5.4-12 12-12h168c6.6 0 12 5.4 12 12zm-12 72H108c-6.6 0-12 5.4-12 12v28c0 6.6 5.4 12 12 12h168c6.6 0 12-5.4 12-12v-28c0-6.6-5.4-12-12-12zm108-188.1V464c0 26.5-21.5 48-48 48H48c-26.5 0-48-21.5-48-48V48C0 21.5 21.5 0 48 0h204.1C264.8 0 277 5.1 286 14.1L369.9 98c9 8.9 14.1 21.2 14.1 33.9zm-128-80V128h76.1L256 51.9zM336 464V176H232c-13.3 0-24-10.7-24-24V48H48v416h288z\"><\/path><\/svg>\t\t\t\t\t\t<\/span>\n\t\t\t\t\t\t\t\t\t\t<span class=\"elementor-icon-list-text\">NORMATIVA N\u00ba 2025\/01 \u226b<\/span>\n\t\t\t\t\t\t\t\t\t\t\t<\/a>\n\t\t\t\t\t\t\t\t\t<\/li>\n\t\t\t\t\t\t\t\t<li class=\"elementor-icon-list-item\">\n\t\t\t\t\t\t\t\t\t\t\t<a href=\"https:\/\/pe.anamt.org.br\/wp-content\/uploads\/2025\/04\/PORTARIA-2025-01-NOMEACAO-SOPEMT.pdf\" target=\"_blank\">\n\n\t\t\t\t\t\t\t\t\t\t\t\t<span class=\"elementor-icon-list-icon\">\n\t\t\t\t\t\t\t<svg aria-hidden=\"true\" class=\"e-font-icon-svg e-far-file-alt\" viewBox=\"0 0 384 512\" xmlns=\"http:\/\/www.w3.org\/2000\/svg\"><path d=\"M288 248v28c0 6.6-5.4 12-12 12H108c-6.6 0-12-5.4-12-12v-28c0-6.6 5.4-12 12-12h168c6.6 0 12 5.4 12 12zm-12 72H108c-6.6 0-12 5.4-12 12v28c0 6.6 5.4 12 12 12h168c6.6 0 12-5.4 12-12v-28c0-6.6-5.4-12-12-12zm108-188.1V464c0 26.5-21.5 48-48 48H48c-26.5 0-48-21.5-48-48V48C0 21.5 21.5 0 48 0h204.1C264.8 0 277 5.1 286 14.1L369.9 98c9 8.9 14.1 21.2 14.1 33.9zm-128-80V128h76.1L256 51.9zM336 464V176H232c-13.3 0-24-10.7-24-24V48H48v416h288z\"><\/path><\/svg>\t\t\t\t\t\t<\/span>\n\t\t\t\t\t\t\t\t\t\t<span class=\"elementor-icon-list-text\">PORTARIA N\u00ba2015\/01 \u226b<\/span>\n\t\t\t\t\t\t\t\t\t\t\t<\/a>\n\t\t\t\t\t\t\t\t\t<\/li>\n\t\t\t\t\t\t<\/ul>\n\t\t\t\t\t\t<\/div>\n\t\t\t\t<\/div>\n\t\t\t\t<\/div>\n\t\t\t\t\t<\/div>\n\t\t\t\t<\/div>\n\t\t\t\t\t<\/div>\n\t\t\t\t<\/div>\n\t\t\t\t<\/div>\n\t\t","protected":false},"excerpt":{"rendered":"<p>Di\u00e1rio Oficial SOPEMT Atualiza\u00e7\u00f5es e informativos de documentos oficiais da Sociedade Pernambucana de Medicina do Trabalho \u2013 SOPEMT PORTARIA N\u00ba2015\/02 \u226b NORMATIVA N\u00ba 2025\/01 \u226b PORTARIA N\u00ba2015\/01 \u226b<\/p>\n","protected":false},"author":3,"featured_media":0,"parent":0,"menu_order":0,"comment_status":"closed","ping_status":"closed","template":"elementor_header_footer","meta":{"footnotes":""},"class_list":["post-1073","page","type-page","status-publish","hentry"],"_links":{"self":[{"href":"https:\/\/pe.anamt.org.br\/index.php?rest_route=\/wp\/v2\/pages\/1073","targetHints":{"allow":["GET"]}}],"collection":[{"href":"https:\/\/pe.anamt.org.br\/index.php?rest_route=\/wp\/v2\/pages"}],"about":[{"href":"https:\/\/pe.anamt.org.br\/index.php?rest_route=\/wp\/v2\/types\/page"}],"author":[{"embeddable":true,"href":"https:\/\/pe.anamt.org.br\/index.php?rest_route=\/wp\/v2\/users\/3"}],"replies":[{"embeddable":true,"href":"https:\/\/pe.anamt.org.br\/index.php?rest_route=%2Fwp%2Fv2%2Fcomments&post=1073"}],"version-history":[{"count":25,"href":"https:\/\/pe.anamt.org.br\/index.php?rest_route=\/wp\/v2\/pages\/1073\/revisions"}],"predecessor-version":[{"id":1107,"href":"https:\/\/pe.anamt.org.br\/index.php?rest_route=\/wp\/v2\/pages\/1073\/revisions\/1107"}],"wp:attachment":[{"href":"https:\/\/pe.anamt.org.br\/index.php?rest_route=%2Fwp%2Fv2%2Fmedia&parent=1073"}],"curies":[{"name":"wp","href":"https:\/\/api.w.org\/{rel}","templated":true}]}}